{"id":781,"date":"2017-02-09T08:45:13","date_gmt":"2017-02-09T05:45:13","guid":{"rendered":"http:\/\/dummy.xtemos.com\/basel\/vers\/?page_id=781"},"modified":"2020-05-20T12:24:55","modified_gmt":"2020-05-20T09:24:55","slug":"hakkimizda","status":"publish","type":"page","link":"https:\/\/parnell.com.tr\/index.php\/hakkimizda\/","title":{"rendered":"Hakk\u0131m\u0131zda"},"content":{"rendered":"<p>[vc_row full_width=&#8221;stretch_row_content_no_spaces&#8221; content_placement=&#8221;middle&#8221; css=&#8221;.vc_custom_1451486211770{margin-top: -40px !important;margin-bottom: -40px !important;}&#8221;][vc_column offset=&#8221;vc_col-md-6&#8243;][vc_single_image image=&#8221;6207&#8243; img_size=&#8221;750&#215;750&#8243; alignment=&#8221;center&#8221; css=&#8221;.vc_custom_1589966690956{margin-bottom: 0px !important;}&#8221;][\/vc_column][vc_column css=&#8221;.vc_custom_1485009354843{margin-top: 25px !important;margin-bottom: 40px !important;padding-right: 10% !important;padding-left: 10% !important;}&#8221; offset=&#8221;vc_col-md-6&#8243;][vc_column_text css=&#8221;.vc_custom_1589966472439{margin-bottom: 30px !important;}&#8221;]<\/p>\n<h1 class=\"font-title\" style=\"text-align: center; font-size: 42px; text-transform: capitalize;\">Hakk\u0131m\u0131zda<\/h1>\n<p>[\/vc_column_text][vc_column_text css=&#8221;.vc_custom_1589966445993{padding-right: 30px !important;padding-left: 30px !important;}&#8221;]<\/p>\n<p style=\"text-align: center; line-height: 1.8;\">Ortaya koydu\u011fu tasar\u0131mlarla al\u0131\u015f\u0131lm\u0131\u015f mobilya tasar\u0131m anlay\u0131\u015f\u0131n\u0131 minimal bir \u00e7izgide farkl\u0131 bir boyuta ta\u015f\u0131yan Parnell, elde etti\u011fi ba\u015far\u0131lar ve kazand\u0131\u011f\u0131 tasar\u0131m \u00f6d\u00fclleri ile sekt\u00f6rde \u00f6nemli bir marka haline gelerek s\u00fcrekli geli\u015fim ilkesiyle yeni ba\u015far\u0131lar\u0131 hedefler. Ayr\u0131ca \u00fcretti\u011fi \u00fcr\u00fcnlerde \u015f\u0131kl\u0131\u011f\u0131n\u0131n yan\u0131 s\u0131ra g\u00fcvenli\u011fe de \u00f6nem verdi\u011fi equality ilkesiyle sekt\u00f6rdeki rakiplerinden ayr\u0131\u015fmay\u0131 ba\u015far\u0131r. Ko\u015fulsuz m\u00fc\u015fteri memnuniyeti gibi de\u011ferler ve ba\u015far\u0131l\u0131 ar-ge yat\u0131r\u0131mlar\u0131 sayesinde kullan\u0131c\u0131lar\u0131n\u0131n isteklerini eksiksiz bir \u015fekilde yerine getirir. G\u00fcvenli ve minimal tasar\u0131mlar ile ya\u015fam alanlar\u0131nda etkileyici bir g\u00f6r\u00fcn\u00fcm elde etmenin en bilinen \u00e7izgisini Parnell olu\u015fturur.<\/p>\n<p>[\/vc_column_text]\n\t\t\t<ul class=\"social-icons text-center icons-design-circle icons-size-default social-share \">\n\t\t\t\t\t\t\t\t\t<li class=\"social-facebook\"><a rel=\"nofollow\" href=\"https:\/\/www.facebook.com\/sharer\/sharer.php?u=https:\/\/parnell.com.tr\/index.php\/hakkimizda\/\" target=\"_blank\" class=\"\"><i class=\"fa fa-facebook\"><\/i><span class=\"basel-social-icon-name\">Facebook<\/span><\/a><\/li>\n\t\t\t\t\n\t\t\t\t\t\t\t\t\t<li class=\"social-twitter\"><a rel=\"nofollow\" href=\"https:\/\/twitter.com\/share?url=https:\/\/parnell.com.tr\/index.php\/hakkimizda\/\" target=\"_blank\" class=\"\"><i class=\"fa fa-twitter\"><\/i><span class=\"basel-social-icon-name\">Twitter<\/span><\/a><\/li>\n\t\t\t\t\n\t\t\t\t\t\t\t\t\t<li class=\"social-email\"><a rel=\"nofollow\" href=\"mailto:?subject=Check%20this%20https:\/\/parnell.com.tr\/index.php\/hakkimizda\/\" target=\"_blank\" class=\"\"><i class=\"fa fa-envelope\"><\/i><span class=\"basel-social-icon-name\">Email<\/span><\/a><\/li>\n\t\t\t\t\n\t\t\t\t\n\t\t\t\t\n\t\t\t\t\t\t\t\t\t<li class=\"social-pinterest\"><a rel=\"nofollow\" href=\"https:\/\/pinterest.com\/pin\/create\/button\/?url=https:\/\/parnell.com.tr\/index.php\/hakkimizda\/&media=https:\/\/parnell.com.tr\/wp-includes\/images\/media\/default.png\" target=\"_blank\" class=\"\"><i class=\"fa fa-pinterest\"><\/i><span class=\"basel-social-icon-name\">Pinterest<\/span><\/a><\/li>\n\t\t\t\t\n\t\t\t\t\n\t\t\t\t\t\t\t\t\t<li class=\"social-linkedin\"><a rel=\"nofollow\" href=\"https:\/\/www.linkedin.com\/shareArticle?mini=true&url=https:\/\/parnell.com.tr\/index.php\/hakkimizda\/\" target=\"_blank\" class=\"\"><i class=\"fa fa-linkedin\"><\/i><span class=\"basel-social-icon-name\">LinkedIn<\/span><\/a><\/li>\n\t\t\t\t\n\t\t\t\t\n\t\t\t\t\n\t\t\t\t\n\t\t\t\t\n\t\t\t\t\n\t\t\t\t\n\t\t\t\t\n\t\t\t\t\n\t\t\t\t\t\t\t\t\n\t\t\t\t\n\t\t\t\t\n\t\t\t\t\n\t\t\t<\/ul>\n\n\t\t[\/vc_column][\/vc_row]<\/p>\n","protected":false},"excerpt":{"rendered":"<p>[vc_row full_width=&#8221;stretch_row_content_no_spaces&#8221; content_placement=&#8221;middle&#8221; css=&#8221;.vc_custom_1451486211770{margin-top: -40px !important;margin-bottom: -40px !important;}&#8221;][vc_column offset=&#8221;vc_col-md-6&#8243;][vc_single_image image=&#8221;6207&#8243; img_size=&#8221;750&#215;750&#8243; alignment=&#8221;center&#8221; css=&#8221;.vc_custom_1589966690956{margin-bottom: 0px !important;}&#8221;][\/vc_column][vc_column css=&#8221;.vc_custom_1485009354843{margin-top: 25px !important;margin-bottom: 40px !important;padding-right:<\/p>\n","protected":false},"author":1,"featured_media":0,"parent":0,"menu_order":0,"comment_status":"closed","ping_status":"closed","template":"","meta":[],"_links":{"self":[{"href":"https:\/\/parnell.com.tr\/index.php\/wp-json\/wp\/v2\/pages\/781"}],"collection":[{"href":"https:\/\/parnell.com.tr\/index.php\/wp-json\/wp\/v2\/pages"}],"about":[{"href":"https:\/\/parnell.com.tr\/index.php\/wp-json\/wp\/v2\/types\/page"}],"author":[{"embeddable":true,"href":"https:\/\/parnell.com.tr\/index.php\/wp-json\/wp\/v2\/users\/1"}],"replies":[{"embeddable":true,"href":"https:\/\/parnell.com.tr\/index.php\/wp-json\/wp\/v2\/comments?post=781"}],"version-history":[{"count":9,"href":"https:\/\/parnell.com.tr\/index.php\/wp-json\/wp\/v2\/pages\/781\/revisions"}],"predecessor-version":[{"id":6220,"href":"https:\/\/parnell.com.tr\/index.php\/wp-json\/wp\/v2\/pages\/781\/revisions\/6220"}],"wp:attachment":[{"href":"https:\/\/parnell.com.tr\/index.php\/wp-json\/wp\/v2\/media?parent=781"}],"curies":[{"name":"wp","href":"https:\/\/api.w.org\/{rel}","templated":true}]}}