{"id":571,"date":"2017-01-31T16:03:01","date_gmt":"2017-01-31T13:03:01","guid":{"rendered":"http:\/\/dummy.xtemos.com\/basel\/vers\/?page_id=571"},"modified":"2021-12-06T21:15:34","modified_gmt":"2021-12-06T18:15:34","slug":"home-parallax","status":"publish","type":"page","link":"https:\/\/parnell.com.tr\/","title":{"rendered":"Anaysafa"},"content":{"rendered":"<p>[vc_row full_width=&#8221;stretch_row_content_no_spaces&#8221; css_animation=&#8221;fadeIn&#8221; css=&#8221;.vc_custom_1603264702647{margin-top: -40px !important;margin-bottom: 0px !important;}&#8221;][vc_column]\n\t\t\t<!-- START Homeflowers REVOLUTION SLIDER 6.2.6 --><p class=\"rs-p-wp-fix\"><\/p>\n\t\t\t<rs-module-wrap id=\"rev_slider_42_1_wrapper\" data-source=\"gallery\" style=\"background:#fafafc;padding:0;margin:0px auto;margin-top:0;margin-bottom:0;\">\n\t\t\t\t<rs-module id=\"rev_slider_42_1\" style=\"\" data-version=\"6.2.6\">\n\t\t\t\t\t<rs-slides>\n\t\t\t\t\t\t<rs-slide data-key=\"rs-100\" data-title=\"Slide\" data-thumb=\"\/\/parnell.com.tr\/wp-content\/uploads\/2020\/05\/Zenn3-1-100x50.png\" data-anim=\"ei:d;eo:d;s:1000;r:0;t:fade;sl:0;\">\n\t\t\t\t\t\t\t<img src=\"\/\/parnell.com.tr\/wp-content\/uploads\/2020\/05\/Zenn3-1.png\" title=\"Zenn3 (1)\" width=\"1575\" height=\"1050\" data-parallax=\"off\" class=\"rev-slidebg\" data-no-retina>\n<!--\n\t\t\t\t\t\t\t--><rs-layer\n\t\t\t\t\t\t\t\tid=\"slider-42-slide-100-layer-47\" \n\t\t\t\t\t\t\t\tdata-type=\"text\"\n\t\t\t\t\t\t\t\tdata-color=\"#fff\"\n\t\t\t\t\t\t\t\tdata-tsh=\"c:rgba(0,0,0,0.75);h:5px,4px,3px,1px;b:10px,8px,6px,3px;\"\n\t\t\t\t\t\t\t\tdata-rsp_ch=\"on\"\n\t\t\t\t\t\t\t\tdata-xy=\"xo:30px,17px,12px,7px;yo:478px,804px,610px,376px;\"\n\t\t\t\t\t\t\t\tdata-text=\"w:normal;s:40,33,25,15;l:50,41,31,19;a:center;\"\n\t\t\t\t\t\t\t\tdata-dim=\"minh:0px,none,none,none;\"\n\t\t\t\t\t\t\t\tdata-frame_999=\"o:0;st:w;\"\n\t\t\t\t\t\t\t\tstyle=\"z-index:6;font-family:Arial;\"\n\t\t\t\t\t\t\t> \n\t\t\t\t\t\t\t<\/rs-layer><!--\n-->\t\t\t\t\t\t<\/rs-slide>\n\t\t\t\t\t\t<rs-slide data-key=\"rs-101\" data-title=\"Slide\" data-thumb=\"\/\/parnell.com.tr\/wp-content\/uploads\/2019\/08\/navara-yatak-odas\u013113-100x50.jpg\" data-anim=\"ei:d;eo:d;s:1000;r:0;t:fade;sl:0;\">\n\t\t\t\t\t\t\t<img src=\"\/\/parnell.com.tr\/wp-content\/uploads\/2019\/08\/navara-yatak-odas\u013113.jpg\" title=\"navara yatak odas\u013113\" width=\"1872\" height=\"1236\" data-parallax=\"off\" class=\"rev-slidebg\" data-no-retina>\n<!---->\t\t\t\t\t\t<\/rs-slide>\n\t\t\t\t\t<\/rs-slides>\n\t\t\t\t\t<rs-progress class=\"rs-bottom\" style=\"visibility: hidden !important;\"><\/rs-progress>\n\t\t\t\t<\/rs-module>\n\t\t\t\t<script type=\"text\/javascript\">\n\t\t\t\t\tsetREVStartSize({c: 'rev_slider_42_1',rl:[1240,1024,778,480],el:[900,900,800,600],gw:[1240,1024,778,480],gh:[900,900,800,600],type:'standard',justify:'',layout:'fullwidth',mh:\"0\"});\n\t\t\t\t\tvar\trevapi42,\n\t\t\t\t\t\ttpj;\n\t\t\t\t\tjQuery(function() {\n\t\t\t\t\t\ttpj = jQuery;\n\t\t\t\t\t\trevapi42 = tpj(\"#rev_slider_42_1\")\n\t\t\t\t\t\tif(revapi42==undefined || revapi42.revolution == undefined){\n\t\t\t\t\t\t\trevslider_showDoubleJqueryError(\"rev_slider_42_1\");\n\t\t\t\t\t\t}else{\n\t\t\t\t\t\t\trevapi42.revolution({\n\t\t\t\t\t\t\t\tsliderLayout:\"fullwidth\",\n\t\t\t\t\t\t\t\tvisibilityLevels:\"1240,1024,778,480\",\n\t\t\t\t\t\t\t\tgridwidth:\"1240,1024,778,480\",\n\t\t\t\t\t\t\t\tgridheight:\"900,900,800,600\",\n\t\t\t\t\t\t\t\tspinner:\"spinner0\",\n\t\t\t\t\t\t\t\tperspective:600,\n\t\t\t\t\t\t\t\tperspectiveType:\"local\",\n\t\t\t\t\t\t\t\teditorheight:\"900,900,800,600\",\n\t\t\t\t\t\t\t\tresponsiveLevels:\"1240,1024,778,480\",\n\t\t\t\t\t\t\t\tdisableProgressBar:\"on\",\n\t\t\t\t\t\t\t\tnavigation: {\n\t\t\t\t\t\t\t\t\tmouseScrollNavigation:false,\n\t\t\t\t\t\t\t\t\ttouch: {\n\t\t\t\t\t\t\t\t\t\ttouchenabled:true,\n\t\t\t\t\t\t\t\t\t\tswipe_min_touches:50\n\t\t\t\t\t\t\t\t\t},\n\t\t\t\t\t\t\t\t\tarrows: {\n\t\t\t\t\t\t\t\t\t\tenable:true,\n\t\t\t\t\t\t\t\t\t\tstyle:\"bullet-bar\",\n\t\t\t\t\t\t\t\t\t\thide_onmobile:true,\n\t\t\t\t\t\t\t\t\t\thide_under:778,\n\t\t\t\t\t\t\t\t\t\tleft: {\n\n\t\t\t\t\t\t\t\t\t\t},\n\t\t\t\t\t\t\t\t\t\tright: {\n\n\t\t\t\t\t\t\t\t\t\t}\n\t\t\t\t\t\t\t\t\t}\n\t\t\t\t\t\t\t\t},\n\t\t\t\t\t\t\t\tparallax: {\n\t\t\t\t\t\t\t\t\tlevels:[1,2,15,20,25,30,35,40,45,50,47,48,49,50,51,55],\n\t\t\t\t\t\t\t\t\ttype:\"mouse\",\n\t\t\t\t\t\t\t\t\tdisable_onmobile:true\n\t\t\t\t\t\t\t\t},\n\t\t\t\t\t\t\t\tfallbacks: {\n\t\t\t\t\t\t\t\t\tallowHTML5AutoPlayOnAndroid:true\n\t\t\t\t\t\t\t\t},\n\t\t\t\t\t\t\t});\n\t\t\t\t\t\t}\n\t\t\t\t\t\t\n\t\t\t\t\t});\n\t\t\t\t<\/script>\n\t\t\t\t<script>\n\t\t\t\t\tvar htmlDivCss = unescape(\".bullet-bar.tparrows%20%7B%0A%09cursor%3Apointer%3B%0A%09background%3A%23000%3B%0A%09background%3Argba%280%2C0%2C0%2C0.5%29%3B%0A%09width%3A40px%3B%0A%09height%3A40px%3B%0A%09position%3Aabsolute%3B%0A%09display%3Ablock%3B%0A%09z-index%3A100%3B%0A%7D%0A.bullet-bar.tparrows%3Ahover%20%7B%0A%09background%3A%23000%3B%0A%7D%0A.bullet-bar.tparrows%3Abefore%20%7B%0A%09font-family%3A%20%22revicons%22%3B%0A%09font-size%3A15px%3B%0A%09color%3A%23fff%3B%0A%09display%3Ablock%3B%0A%09line-height%3A%2040px%3B%0A%09text-align%3A%20center%3B%0A%7D%0A.bullet-bar.tparrows.tp-leftarrow%3Abefore%20%7B%0A%09content%3A%20%22%5Ce824%22%3B%0A%7D%0A.bullet-bar.tparrows.tp-rightarrow%3Abefore%20%7B%0A%09content%3A%20%22%5Ce825%22%3B%0A%7D%0A%0A%0A\");\n\t\t\t\t\tvar htmlDiv = document.getElementById('rs-plugin-settings-inline-css');\n\t\t\t\t\tif(htmlDiv) {\n\t\t\t\t\t\thtmlDiv.innerHTML = htmlDiv.innerHTML + htmlDivCss;\n\t\t\t\t\t}else{\n\t\t\t\t\t\tvar htmlDiv = document.createElement('div');\n\t\t\t\t\t\thtmlDiv.innerHTML = '<style>' + htmlDivCss + '<\/style>';\n\t\t\t\t\t\tdocument.getElementsByTagName('head')[0].appendChild(htmlDiv.childNodes[0]);\n\t\t\t\t\t}\n\t\t\t\t<\/script>\n\t\t\t\t<script>\n\t\t\t\t\tvar htmlDivCss = unescape(\"%0A%0A\");\n\t\t\t\t\tvar htmlDiv = document.getElementById('rs-plugin-settings-inline-css');\n\t\t\t\t\tif(htmlDiv) {\n\t\t\t\t\t\thtmlDiv.innerHTML = htmlDiv.innerHTML + htmlDivCss;\n\t\t\t\t\t}else{\n\t\t\t\t\t\tvar htmlDiv = document.createElement('div');\n\t\t\t\t\t\thtmlDiv.innerHTML = '<style>' + htmlDivCss + '<\/style>';\n\t\t\t\t\t\tdocument.getElementsByTagName('head')[0].appendChild(htmlDiv.childNodes[0]);\n\t\t\t\t\t}\n\t\t\t\t<\/script>\n\t\t\t<\/rs-module-wrap>\n\t\t\t<!-- END REVOLUTION SLIDER -->\n[\/vc_column][\/vc_row][vc_row full_width=&#8221;stretch_row_content_no_spaces&#8221; content_placement=&#8221;middle&#8221; el_id=&#8221;pc&#8221; el_class=&#8221;pc&#8221; css=&#8221;.vc_custom_1638813354194{margin-top: -20px !important;margin-bottom: -40px !important;}&#8221;][vc_column css_animation=&#8221;fadeInDown&#8221; offset=&#8221;vc_hidden-sm vc_hidden-xs&#8221;]\n\t\t\t<div class=\"promo-banner text-left vertical-alignment-middle banner- hover- color-scheme-light \"  >\n\n\t\t\t\t<div class=\"main-wrapp-img\">\n\t\t\t\t\t<div class=\"banner-image\">\n\t\t\t\t\t\t\t\t\t\t\t\t\t\t\t\t\t\t\t\t\t<img width=\"1920\" height=\"900\" src=\"https:\/\/parnell.com.tr\/wp-content\/uploads\/2021\/12\/Untitled-1-copy.jpg\" class=\"promo-banner-image image-1 attachment-full\" alt=\"\" loading=\"lazy\" srcset=\"https:\/\/parnell.com.tr\/wp-content\/uploads\/2021\/12\/Untitled-1-copy.jpg 1920w, https:\/\/parnell.com.tr\/wp-content\/uploads\/2021\/12\/Untitled-1-copy-300x141.jpg 300w, https:\/\/parnell.com.tr\/wp-content\/uploads\/2021\/12\/Untitled-1-copy-1024x480.jpg 1024w, https:\/\/parnell.com.tr\/wp-content\/uploads\/2021\/12\/Untitled-1-copy-768x360.jpg 768w, https:\/\/parnell.com.tr\/wp-content\/uploads\/2021\/12\/Untitled-1-copy-1536x720.jpg 1536w, https:\/\/parnell.com.tr\/wp-content\/uploads\/2021\/12\/Untitled-1-copy-1200x563.jpg 1200w\" sizes=\"(max-width: 1920px) 100vw, 1920px\" \/>\t\t\t\t\t\t\t\t\t\t\t\t\t\t\t\t\t\t<\/div>\n\t\t\t\t<\/div>\n\n\t\t\t\t<div class=\"wrapper-content-baner\">\n\t\t\t\t\t<div class=\"banner-inner\">\n\t\t\t\t\t\t<\/p>\n<h1><\/h1>\n<h1 style=\"text-align: left; font-family: Montserrat; font-size: 90px; margin-left: 40px;\">2021<\/h1>\n<h1 style=\"text-align: left; font-family: Montserrat; font-size: 50px; margin-left: 40px;\">COLLECTION<\/h1>\n<div class=\"basel-button-wrapper text-left\"><a  class=\"btn btn-color-white btn-style-bordered btn-size-extra-large btns\">\u0130NCELE &gt;<\/a><\/div>\n\t\t\t\t\t<\/div>\n\t\t\t\t<\/div>\n\n\t\t\t<\/div>\n\n\n\t\t[\/vc_column][\/vc_row][vc_row full_width=&#8221;stretch_row_content_no_spaces&#8221; content_placement=&#8221;middle&#8221; el_class=&#8221;pc&#8221; css=&#8221;.vc_custom_1638813645765{margin-top: -20px !important;margin-bottom: -30px !important;}&#8221;][vc_column css_animation=&#8221;fadeInDown&#8221; offset=&#8221;vc_hidden-lg vc_hidden-md&#8221;]\n\t\t\t<div class=\"promo-banner text-left vertical-alignment-middle banner- hover- color-scheme-light \"  >\n\n\t\t\t\t<div class=\"main-wrapp-img\">\n\t\t\t\t\t<div class=\"banner-image\">\n\t\t\t\t\t\t\t\t\t\t\t\t\t\t\t\t\t\t\t\t\t<img width=\"1920\" height=\"794\" src=\"https:\/\/parnell.com.tr\/wp-content\/uploads\/2021\/11\/095.png\" class=\"promo-banner-image image-1 attachment-full\" alt=\"\" loading=\"lazy\" srcset=\"https:\/\/parnell.com.tr\/wp-content\/uploads\/2021\/11\/095.png 1920w, https:\/\/parnell.com.tr\/wp-content\/uploads\/2021\/11\/095-300x124.png 300w, https:\/\/parnell.com.tr\/wp-content\/uploads\/2021\/11\/095-1024x423.png 1024w, https:\/\/parnell.com.tr\/wp-content\/uploads\/2021\/11\/095-768x318.png 768w, https:\/\/parnell.com.tr\/wp-content\/uploads\/2021\/11\/095-1536x635.png 1536w, https:\/\/parnell.com.tr\/wp-content\/uploads\/2021\/11\/095-1200x496.png 1200w\" sizes=\"(max-width: 1920px) 100vw, 1920px\" \/>\t\t\t\t\t\t\t\t\t\t\t\t\t\t\t\t\t\t<\/div>\n\t\t\t\t<\/div>\n\n\t\t\t\t<div class=\"wrapper-content-baner\">\n\t\t\t\t\t<div class=\"banner-inner\">\n\t\t\t\t\t\t<\/p>\n<h1><\/h1>\n<h1 style=\"text-align: left; font-family: Montserrat; font-size: 16px;\">2021<\/h1>\n<h1 style=\"text-align: left; font-family: Montserrat; font-size: 16px;\">COLLECTION<\/h1>\n<div class=\"basel-button-wrapper text-left\"><a  class=\"btn btn-color-white btn-style-bordered btn-size-extra-large btns\">\u0130NCELE &gt;<\/a><\/div>\n\t\t\t\t\t<\/div>\n\t\t\t\t<\/div>\n\n\t\t\t<\/div>\n\n\n\t\t[\/vc_column][\/vc_row][vc_row full_width=&#8221;stretch_row&#8221; full_height=&#8221;yes&#8221; css=&#8221;.vc_custom_1638812065354{margin-top: -100px !important;background-color: #191919 !important;}&#8221;][vc_column css_animation=&#8221;fadeInDown&#8221;][vc_column_text css_animation=&#8221;fadeInDown&#8221; basel_color_scheme=&#8221;light&#8221;]<\/p>\n<h1 class=\"klks\">K O L E K S \u0130 Y O N<\/h1>\n<p>[\/vc_column_text][vc_column_text css_animation=&#8221;fadeInLeft&#8221; basel_color_scheme=&#8221;light&#8221;]<\/p>\n<h1 class=\"rah\">Rahatl\u0131k ve kalite, sa\u011flaml\u0131k ve \u015f\u0131kl\u0131k, ula\u015f\u0131labilirlik ve tasar\u0131m kriterlerinin tamam\u0131n\u0131 kar\u015f\u0131layan Twinslife \u00fcr\u00fcnleri<\/h1>\n<p>[\/vc_column_text]\t\t\t<div id=\"carousel-704\" class=\"banners-carousel-wrapper\" data-owl-carousel data-desktop=\"2\" data-desktop_small=\"1\" data-tablet=\"1\" data-mobile=\"1\">\n\t\t\t\t<div class=\"owl-carousel banners-carousel \" >\n\t\t\t\t\t\n\t\t\t<div class=\"promo-banner cursor-pointer text-center vertical-alignment-bottom banner- hover- color-scheme-light \" onclick=\"window.location.href='https:\/\/parnell.com.tr\/project-cat\/koltuk-takimlari\/'\" >\n\n\t\t\t\t<div class=\"main-wrapp-img\">\n\t\t\t\t\t<div class=\"banner-image\">\n\t\t\t\t\t\t\t\t\t\t\t\t\t\t\t\t\t\t\t\t\t<img width=\"800\" height=\"600\" src=\"https:\/\/parnell.com.tr\/wp-content\/uploads\/2021\/11\/koltuk-001.png\" class=\"promo-banner-image image-1 attachment-full\" alt=\"\" loading=\"lazy\" srcset=\"https:\/\/parnell.com.tr\/wp-content\/uploads\/2021\/11\/koltuk-001.png 800w, https:\/\/parnell.com.tr\/wp-content\/uploads\/2021\/11\/koltuk-001-300x225.png 300w, https:\/\/parnell.com.tr\/wp-content\/uploads\/2021\/11\/koltuk-001-768x576.png 768w\" sizes=\"(max-width: 800px) 100vw, 800px\" \/>\t\t\t\t\t\t\t\t\t\t\t\t\t\t\t\t\t\t<\/div>\n\t\t\t\t<\/div>\n\n\t\t\t\t<div class=\"wrapper-content-baner\">\n\t\t\t\t\t<div class=\"banner-inner\">\n\t\t\t\t\t\t<\/p>\n<h2 style=\"font-family: Montserrat; text-align: center;\">KOLTUK TAKIMLARI<\/h2>\n<p>\n\t\t\t\t\t<\/div>\n\t\t\t\t<\/div>\n\n\t\t\t<\/div>\n\n\n\t\t\n\t\t\t<div class=\"promo-banner cursor-pointer text-center vertical-alignment-bottom banner- hover- color-scheme-light \" onclick=\"window.location.href='https:\/\/twinslife.com.tr\/project-cat\/yemek-odalari'\" >\n\n\t\t\t\t<div class=\"main-wrapp-img\">\n\t\t\t\t\t<div class=\"banner-image\">\n\t\t\t\t\t\t\t\t\t\t\t\t\t\t\t\t\t\t\t\t\t<img width=\"800\" height=\"600\" src=\"https:\/\/parnell.com.tr\/wp-content\/uploads\/2021\/11\/yemek-odasi-001.png\" class=\"promo-banner-image image-1 attachment-full\" alt=\"\" loading=\"lazy\" srcset=\"https:\/\/parnell.com.tr\/wp-content\/uploads\/2021\/11\/yemek-odasi-001.png 800w, https:\/\/parnell.com.tr\/wp-content\/uploads\/2021\/11\/yemek-odasi-001-300x225.png 300w, https:\/\/parnell.com.tr\/wp-content\/uploads\/2021\/11\/yemek-odasi-001-768x576.png 768w\" sizes=\"(max-width: 800px) 100vw, 800px\" \/>\t\t\t\t\t\t\t\t\t\t\t\t\t\t\t\t\t\t<\/div>\n\t\t\t\t<\/div>\n\n\t\t\t\t<div class=\"wrapper-content-baner\">\n\t\t\t\t\t<div class=\"banner-inner\">\n\t\t\t\t\t\t<\/p>\n<h2 style=\"font-family: Montserrat; text-align: center;\">YEMEK ODALARI<\/h2>\n<p>\n\t\t\t\t\t<\/div>\n\t\t\t\t<\/div>\n\n\t\t\t<\/div>\n\n\n\t\t\t\t\t\t<\/div>\n\t\t\t<\/div>\n\t\t[\/vc_column][\/vc_row][vc_row full_width=&#8221;stretch_row&#8221; full_height=&#8221;yes&#8221; css=&#8221;.vc_custom_1603292852184{margin-top: -40px !important;background-color: #000000 !important;}&#8221;][vc_column][vc_column_text css_animation=&#8221;fadeInLeft&#8221; basel_color_scheme=&#8221;light&#8221;]<\/p>\n<h1 class=\"klks\" style=\"text-align: center;\">S O H O<\/h1>\n<p>[\/vc_column_text][vc_column_text css_animation=&#8221;fadeInLeft&#8221; basel_color_scheme=&#8221;light&#8221; css=&#8221;.vc_custom_1638192094695{margin-top: -25px !important;}&#8221;]<\/p>\n<h1 class=\"kltk\" style=\"text-align: center;\">k o l t u k<\/h1>\n<p>[\/vc_column_text]\n\t\t\t<div class=\"promo-banner cursor-pointer text-center vertical-alignment-middle banner- hover- color-scheme-light \" onclick=\"window.location.href='https:\/\/parnell.com.tr\/portfolio\/soho-koltuk-takimi\/'\" >\n\n\t\t\t\t<div class=\"main-wrapp-img\">\n\t\t\t\t\t<div class=\"banner-image\">\n\t\t\t\t\t\t\t\t\t\t\t\t\t\t\t\t\t\t\t\t\t<img width=\"800\" height=\"600\" src=\"https:\/\/parnell.com.tr\/wp-content\/uploads\/2021\/11\/soho.png\" class=\"promo-banner-image image-1 attachment-full\" alt=\"\" loading=\"lazy\" srcset=\"https:\/\/parnell.com.tr\/wp-content\/uploads\/2021\/11\/soho.png 800w, https:\/\/parnell.com.tr\/wp-content\/uploads\/2021\/11\/soho-300x225.png 300w, https:\/\/parnell.com.tr\/wp-content\/uploads\/2021\/11\/soho-768x576.png 768w\" sizes=\"(max-width: 800px) 100vw, 800px\" \/>\t\t\t\t\t\t\t\t\t\t\t\t\t\t\t\t\t\t<\/div>\n\t\t\t\t<\/div>\n\n\t\t\t\t<div class=\"wrapper-content-baner\">\n\t\t\t\t\t<div class=\"banner-inner\">\n\t\t\t\t\t\t\t\t\t\t\t<\/div>\n\t\t\t\t<\/div>\n\n\t\t\t<\/div>\n\n\n\t\t[vc_column_text css_animation=&#8221;fadeInLeft&#8221; basel_color_scheme=&#8221;light&#8221; el_class=&#8221;klks&#8221;]<\/p>\n<h1 class=\"klks\" style=\"text-align: center;\">S O H O<\/h1>\n<p>[\/vc_column_text][vc_column_text css_animation=&#8221;fadeInRight&#8221; basel_color_scheme=&#8221;light&#8221; css=&#8221;.vc_custom_1638192108949{margin-top: -25px !important;}&#8221;]<\/p>\n<h1 class=\"kltk\" style=\"text-align: center;\">k o l t u k<\/h1>\n<p>[\/vc_column_text][\/vc_column][\/vc_row][vc_row full_width=&#8221;stretch_row&#8221; full_height=&#8221;yes&#8221; css=&#8221;.vc_custom_1603289383577{margin-top: -40px !important;background-color: #191919 !important;}&#8221;][vc_column]\n\t\t\t<div class=\"promo-banner text-center vertical-alignment-middle banner- hover- color-scheme-light pc\"  >\n\n\t\t\t\t<div class=\"main-wrapp-img\">\n\t\t\t\t\t<div class=\"banner-image\">\n\t\t\t\t\t\t\t\t\t\t\t\t\t\t\t\t\t\t\t\t\t<img width=\"330\" height=\"80\" src=\"https:\/\/parnell.com.tr\/wp-content\/uploads\/2020\/05\/parnellogo-1.png\" class=\"promo-banner-image image-1 attachment-full\" alt=\"\" loading=\"lazy\" srcset=\"https:\/\/parnell.com.tr\/wp-content\/uploads\/2020\/05\/parnellogo-1.png 330w, https:\/\/parnell.com.tr\/wp-content\/uploads\/2020\/05\/parnellogo-1-300x73.png 300w\" sizes=\"(max-width: 330px) 100vw, 330px\" \/>\t\t\t\t\t\t\t\t\t\t\t\t\t\t\t\t\t\t<\/div>\n\t\t\t\t<\/div>\n\n\t\t\t\t<div class=\"wrapper-content-baner\">\n\t\t\t\t\t<div class=\"banner-inner\">\n\t\t\t\t\t\t\t\t\t\t\t<\/div>\n\t\t\t\t<\/div>\n\n\t\t\t<\/div>\n\n\n\t\t[vc_text_separator title=&#8221;+&#8221; color=&#8221;white&#8221; el_width=&#8221;30&#8243; css_animation=&#8221;fadeInDown&#8221;][vc_column_text css_animation=&#8221;fadeInLeft&#8221; basel_color_scheme=&#8221;light&#8221; css=&#8221;.vc_custom_1603355916987{margin-bottom: 45px !important;}&#8221;]<\/p>\n<h1 class=\"klks\">H A K K I M I Z D A<\/h1>\n<p>[\/vc_column_text][vc_column_text css_animation=&#8221;fadeInRight&#8221; basel_color_scheme=&#8221;light&#8221; css=&#8221;.vc_custom_1638813457490{margin-top: -25px !important;}&#8221;]<\/p>\n<h1 class=\"rahs\">2005 y\u0131l\u0131nda, sekt\u00f6r\u00fcnde uzun y\u0131llard\u0131r biriktirdi\u011fi tecr\u00fcbesi<br \/>\nve sekt\u00f6rel uzmanl\u0131\u011f\u0131n\u0131 bir araya getiren insanlar\u0131n yola \u00e7\u0131k\u0131\u015f\u0131yla<br \/>\nba\u015fl\u0131yor Parnell\u2019in hikayesi\u2026<\/h1>\n<p>[\/vc_column_text][vc_text_separator title=&#8221;+&#8221; color=&#8221;white&#8221; el_width=&#8221;30&#8243; css_animation=&#8221;fadeInDown&#8221;][\/vc_column][\/vc_row][vc_row full_width=&#8221;stretch_row&#8221; full_height=&#8221;yes&#8221; css=&#8221;.vc_custom_1638201624705{margin-top: -40px !important;margin-bottom: -52px !important;background-color: #000000 !important;}&#8221;][vc_column][vc_column_text css_animation=&#8221;fadeInLeft&#8221; basel_color_scheme=&#8221;light&#8221;]<\/p>\n<h1 class=\"klks\" style=\"text-align: center;\">Facebook<\/h1>\n<p>[\/vc_column_text][vc_column_text css_animation=&#8221;fadeInLeft&#8221; basel_color_scheme=&#8221;light&#8221; css=&#8221;.vc_custom_1638195076647{margin-top: -25px !important;}&#8221;]<\/p>\n<h1 class=\"rahs\" style=\"text-align: center;\">@parnell<\/h1>\n<p>[\/vc_column_text]\n\t\t\t<div class=\"promo-banner cursor-pointer text-center vertical-alignment-middle banner- hover- color-scheme-light pc\" onclick=\"window.location.href='https:\/\/www.facebook.com\/parnell-furniture\/'\" >\n\n\t\t\t\t<div class=\"main-wrapp-img\">\n\t\t\t\t\t<div class=\"banner-image\">\n\t\t\t\t\t\t\t\t\t\t\t\t\t\t\t\t\t\t\t\t\t<img class=\"promo-banner-image image-1 \" src=\"https:\/\/parnell.com.tr\/wp-content\/uploads\/2021\/11\/facebookk-500x500.png\" width=\"500\" height=\"500\" alt=\"facebookk\" title=\"facebookk\" \/>\t\t\t\t\t\t\t\t\t\t\t\t\t\t\t\t\t\t<\/div>\n\t\t\t\t<\/div>\n\n\t\t\t\t<div class=\"wrapper-content-baner\">\n\t\t\t\t\t<div class=\"banner-inner\">\n\t\t\t\t\t\t\t\t\t\t\t<\/div>\n\t\t\t\t<\/div>\n\n\t\t\t<\/div>\n\n\n\t\t[\/vc_column][\/vc_row]<\/p>\n","protected":false},"excerpt":{"rendered":"<p>[vc_row full_width=&#8221;stretch_row_content_no_spaces&#8221; css_animation=&#8221;fadeIn&#8221; css=&#8221;.vc_custom_1603264702647{margin-top: -40px !important;margin-bottom: 0px !important;}&#8221;][vc_column][\/vc_column][\/vc_row][vc_row full_width=&#8221;stretch_row_content_no_spaces&#8221; content_placement=&#8221;middle&#8221; el_id=&#8221;pc&#8221; el_class=&#8221;pc&#8221; css=&#8221;.vc_custom_1638813354194{margin-top: -20px !important;margin-bottom: -40px !important;}&#8221;][vc_column css_animation=&#8221;fadeInDown&#8221; offset=&#8221;vc_hidden-sm vc_hidden-xs&#8221;][\/vc_column][\/vc_row][vc_row<\/p>\n","protected":false},"author":1,"featured_media":0,"parent":0,"menu_order":0,"comment_status":"closed","ping_status":"closed","template":"","meta":[],"_links":{"self":[{"href":"https:\/\/parnell.com.tr\/index.php\/wp-json\/wp\/v2\/pages\/571"}],"collection":[{"href":"https:\/\/parnell.com.tr\/index.php\/wp-json\/wp\/v2\/pages"}],"about":[{"href":"https:\/\/parnell.com.tr\/index.php\/wp-json\/wp\/v2\/types\/page"}],"author":[{"embeddable":true,"href":"https:\/\/parnell.com.tr\/index.php\/wp-json\/wp\/v2\/users\/1"}],"replies":[{"embeddable":true,"href":"https:\/\/parnell.com.tr\/index.php\/wp-json\/wp\/v2\/comments?post=571"}],"version-history":[{"count":76,"href":"https:\/\/parnell.com.tr\/index.php\/wp-json\/wp\/v2\/pages\/571\/revisions"}],"predecessor-version":[{"id":11232,"href":"https:\/\/parnell.com.tr\/index.php\/wp-json\/wp\/v2\/pages\/571\/revisions\/11232"}],"wp:attachment":[{"href":"https:\/\/parnell.com.tr\/index.php\/wp-json\/wp\/v2\/media?parent=571"}],"curies":[{"name":"wp","href":"https:\/\/api.w.org\/{rel}","templated":true}]}}